{"id":23,"date":"2024-11-02T23:23:42","date_gmt":"2024-11-02T23:23:42","guid":{"rendered":"https:\/\/mariarandia.com\/front_page\/"},"modified":"2025-10-31T14:20:01","modified_gmt":"2025-10-31T14:20:01","slug":"front_page","status":"publish","type":"page","link":"https:\/\/mariarandia.com\/eu\/front_page\/","title":{"rendered":"Sobre m\u00ed"},"content":{"rendered":"<div class=\"wp-block-columns is-layout-flex wp-container-core-columns-is-layout-28f84493 wp-block-columns-is-layout-flex\">\n<div class=\"wp-block-column is-layout-flow wp-block-column-is-layout-flow\">\n<figure class=\"wp-block-image size-large\"><img fetchpriority=\"high\" decoding=\"async\" width=\"1920\" height=\"1280\" src=\"https:\/\/mariarandia.com\/wp-content\/uploads\/2024\/11\/1730389659826-scaled.webp\" alt=\"\" class=\"wp-image-155\" srcset=\"https:\/\/mariarandia.com\/wp-content\/uploads\/2024\/11\/1730389659826-scaled.webp 1920w, https:\/\/mariarandia.com\/wp-content\/uploads\/2024\/11\/1730389659826-300x200.webp 300w\" sizes=\"(max-width: 1920px) 100vw, 1920px\" \/><\/figure>\n\n\n\n<figure class=\"wp-block-image size-large\"><img decoding=\"async\" width=\"1024\" height=\"768\" src=\"https:\/\/mariarandia.com\/wp-content\/uploads\/2025\/10\/1730390033047-1024x768.webp\" alt=\"\" class=\"wp-image-660\" srcset=\"https:\/\/mariarandia.com\/wp-content\/uploads\/2025\/10\/1730390033047-1024x768.webp 1024w, https:\/\/mariarandia.com\/wp-content\/uploads\/2025\/10\/1730390033047-300x225.webp 300w, https:\/\/mariarandia.com\/wp-content\/uploads\/2025\/10\/1730390033047-768x576.webp 768w, https:\/\/mariarandia.com\/wp-content\/uploads\/2025\/10\/1730390033047.webp 1080w\" sizes=\"(max-width: 1024px) 100vw, 1024px\" \/><\/figure>\n\n\n\n<figure class=\"wp-block-image size-large\"><img decoding=\"async\" width=\"1024\" height=\"812\" src=\"https:\/\/mariarandia.com\/wp-content\/uploads\/2025\/10\/1730390033061-1024x812.webp\" alt=\"\" class=\"wp-image-661\" srcset=\"https:\/\/mariarandia.com\/wp-content\/uploads\/2025\/10\/1730390033061-1024x812.webp 1024w, https:\/\/mariarandia.com\/wp-content\/uploads\/2025\/10\/1730390033061-300x238.webp 300w, https:\/\/mariarandia.com\/wp-content\/uploads\/2025\/10\/1730390033061-768x609.webp 768w, https:\/\/mariarandia.com\/wp-content\/uploads\/2025\/10\/1730390033061.webp 1080w\" sizes=\"(max-width: 1024px) 100vw, 1024px\" \/><\/figure>\n<\/div>\n\n\n\n<div class=\"wp-block-column is-vertically-aligned-top is-layout-flow wp-block-column-is-layout-flow\">\n<p>Hola \ud83d\ude42 Soy Mar\u00eda.<\/p>\n\n\n\n<p>Nac\u00ed en Donostia &#8211; San Sebasti\u00e1n un d\u00eda cualquiera a una hora cualquiera en un a\u00f1o cualquiera. <\/p>\n\n\n\n<p>Me encanta escribir, leer, dibujar&#8230; y mil cosas m\u00e1s.<\/p>\n\n\n\n<p>Soy ilusionista y creo espect\u00e1culos que no tienen como objetivo solo el entretener, sino que tratan de hacer sentir a los adultos como ni\u00f1os as\u00ed como reflexionar y emocionarse.<\/p>\n\n\n\n<p>Mi magia es cercana, po\u00e9tica y siempre busca tocar el coraz\u00f3n del p\u00fablico, creando momentos que se quedan en la memoria.<\/p>\n\n\n\n<p>Creo que la magia es mucho m\u00e1s que un truco: Es emoci\u00f3n, asombro y conexi\u00f3n.<\/p>\n\n\n\n<p>Es la emoci\u00f3n de un ni\u00f1o viendo magia por primera (o mil\u00e9sima) vez. (No hablo realmente de ni\u00f1os \ud83d\ude09 )<\/p>\n\n\n\n<p>Quiero que cada persona que ve mis espect\u00e1culos se sienta transportada a un instante \u00fanico, donde el tiempo se detiene y todo es posible.<\/p>\n\n\n\n<p>Si quieres descubrir un mundo donde lo imposible se hace visible, te invito a acompa\u00f1arme en este viaje de ilusi\u00f3n y emociones.<\/p>\n\n\n\n<p>Un abrazo enorme, <\/p>\n\n\n\n<p>Mar\u00eda<\/p>\n<\/div>\n<\/div>","protected":false},"excerpt":{"rendered":"<p> [&hellip;]<\/p>","protected":false},"author":1,"featured_media":0,"parent":0,"menu_order":0,"comment_status":"closed","ping_status":"closed","template":"","meta":{"_price":"","_stock":"","_tribe_ticket_header":"","_tribe_default_ticket_provider":"","_ticket_start_date":"","_ticket_end_date":"","_tribe_ticket_show_description":"","_tribe_ticket_show_not_going":false,"_tribe_ticket_use_global_stock":"","_tribe_ticket_global_stock_level":"","_global_stock_mode":"","_global_stock_cap":"","_tribe_rsvp_for_event":"","_tribe_ticket_going_count":"","_tribe_ticket_not_going_count":"","_tribe_tickets_list":"[]","_tribe_ticket_has_attendee_info_fields":false,"_EventAllDay":false,"_EventTimezone":"","_EventStartDate":"","_EventEndDate":"","_EventStartDateUTC":"","_EventEndDateUTC":"","_EventShowMap":false,"_EventShowMapLink":false,"_EventURL":"","_EventCost":"","_EventCostDescription":"","_EventCurrencySymbol":"","_EventCurrencyCode":"","_EventCurrencyPosition":"","_EventDateTimeSeparator":"","_EventTimeRangeSeparator":"","_EventOrganizerID":[],"_EventVenueID":[],"_OrganizerEmail":"","_OrganizerPhone":"","_OrganizerWebsite":"","_VenueAddress":"","_VenueCity":"","_VenueCountry":"","_VenueProvince":"","_VenueState":"","_VenueZip":"","_VenuePhone":"","_VenueURL":"","_VenueStateProvince":"","_VenueLat":"","_VenueLng":"","_VenueShowMap":false,"_VenueShowMapLink":false,"footnotes":"","_tec_slr_enabled":"","_tec_slr_layout":""},"class_list":["post-23","page","type-page","status-publish","hentry"],"ticketed":false,"_links":{"self":[{"href":"https:\/\/mariarandia.com\/eu\/wp-json\/wp\/v2\/pages\/23","targetHints":{"allow":["GET"]}}],"collection":[{"href":"https:\/\/mariarandia.com\/eu\/wp-json\/wp\/v2\/pages"}],"about":[{"href":"https:\/\/mariarandia.com\/eu\/wp-json\/wp\/v2\/types\/page"}],"author":[{"embeddable":true,"href":"https:\/\/mariarandia.com\/eu\/wp-json\/wp\/v2\/users\/1"}],"replies":[{"embeddable":true,"href":"https:\/\/mariarandia.com\/eu\/wp-json\/wp\/v2\/comments?post=23"}],"version-history":[{"count":12,"href":"https:\/\/mariarandia.com\/eu\/wp-json\/wp\/v2\/pages\/23\/revisions"}],"predecessor-version":[{"id":876,"href":"https:\/\/mariarandia.com\/eu\/wp-json\/wp\/v2\/pages\/23\/revisions\/876"}],"wp:attachment":[{"href":"https:\/\/mariarandia.com\/eu\/wp-json\/wp\/v2\/media?parent=23"}],"curies":[{"name":"wp","href":"https:\/\/api.w.org\/{rel}","templated":true}]}}